{"id":1683,"date":"2021-09-26T10:19:17","date_gmt":"2021-09-26T09:19:17","guid":{"rendered":"https:\/\/karamellondonskincare.com\/privacidade\/"},"modified":"2025-12-20T15:45:49","modified_gmt":"2025-12-20T15:45:49","slug":"privacidade","status":"publish","type":"page","link":"https:\/\/karamellondonskincare.com\/pt-pt\/privacidade\/","title":{"rendered":"Privacidade"},"content":{"rendered":"\t\t<div data-elementor-type=\"wp-page\" data-elementor-id=\"1683\" class=\"elementor elementor-1683 elementor-3\" data-elementor-post-type=\"page\">\n\t\t\t\t\t\t<section class=\"elementor-section elementor-top-section elementor-element elementor-element-fffe0e5 elementor-section-boxed elementor-section-height-default elementor-section-height-default\" data-id=\"fffe0e5\" data-element_type=\"section\" data-e-type=\"section\">\n\t\t\t\t\t\t<div class=\"elementor-container elementor-column-gap-default\">\n\t\t\t\t\t<div class=\"elementor-column elementor-col-100 elementor-top-column elementor-element elementor-element-3768bd5\" data-id=\"3768bd5\" data-element_type=\"column\" data-e-type=\"column\">\n\t\t\t<div class=\"elementor-widget-wrap elementor-element-populated\">\n\t\t\t\t\t\t<div class=\"elementor-element elementor-element-770a725 elementor-widget elementor-widget-text-editor\" data-id=\"770a725\" data-element_type=\"widget\" data-e-type=\"widget\" data-widget_type=\"text-editor.default\">\n\t\t\t\t\t\t\t\t\t<h5>Defini\u00e7\u00f5es<\/h5>\n<ul>\n<li><strong>O Editor<\/strong>: A pessoa singular ou coletiva que publica servi\u00e7os de comunica\u00e7\u00e3o p\u00fablica online.<\/li>\n<li><strong>O Site<\/strong>: Todos os websites, p\u00e1ginas de internet e servi\u00e7os online oferecidos pelo Editor.<\/li>\n<li><strong>O Utilizador<\/strong>: A pessoa que utiliza o Site e os servi\u00e7os.<\/li>\n<\/ul>\n<h4>1. Natureza dos Dados Recolhidos<\/h4>\n<p>No contexto da utiliza\u00e7\u00e3o dos Sites, o Editor pode recolher as seguintes categorias de dados relativos aos seus Utilizadores:<\/p>\n<ul>\n<li>Dados de liga\u00e7\u00e3o (endere\u00e7os IP, registos de eventos&#8230;)<\/li>\n<\/ul>\n<h4>2. Informa\u00e7\u00e3o Pr\u00e9via para a Comunica\u00e7\u00e3o de Dados Pessoais a Terceiros em Caso de Fus\u00e3o\/Aquisi\u00e7\u00e3o<\/h4>\n<h5>Informa\u00e7\u00e3o Pr\u00e9via e Op\u00e7\u00e3o de Exclus\u00e3o antes e ap\u00f3s a fus\u00e3o\/aquisi\u00e7\u00e3o<\/h5>\n<p>Caso participemos numa fus\u00e3o, aquisi\u00e7\u00e3o ou qualquer outra forma de transfer\u00eancia de ativos, comprometemo-nos a garantir a confidencialidade dos seus dados pessoais e a inform\u00e1-lo antes que sejam transferidos ou sujeitos a novas regras de privacidade.<\/p>\n<h4>3. Recolha de Dados de Identidade<\/h4>\n<h5>Consulta Gratuita<\/h5>\n<p>A navega\u00e7\u00e3o no Site n\u00e3o requer registo ou identifica\u00e7\u00e3o pr\u00e9vios. Pode ser feita sem que forne\u00e7a quaisquer dados pessoais (nome, apelido, endere\u00e7o, etc.). N\u00e3o registamos quaisquer dados pessoais para a simples navega\u00e7\u00e3o no Site.<\/p>\n<h4>4. Recolha de Dados do Terminal<\/h4>\n<h5>Recolha de Dados T\u00e9cnicos e de Cria\u00e7\u00e3o de Perfis para a Presta\u00e7\u00e3o de Servi\u00e7os<\/h5>\n<p>Alguns dados t\u00e9cnicos do seu dispositivo s\u00e3o recolhidos automaticamente pelo Site. Esta informa\u00e7\u00e3o inclui o seu endere\u00e7o IP, fornecedor de servi\u00e7os de internet, configura\u00e7\u00e3o de hardware, configura\u00e7\u00e3o de software, tipo de navegador e idioma&#8230; A recolha destes dados \u00e9 necess\u00e1ria para a presta\u00e7\u00e3o de servi\u00e7os.<\/p>\n<h5>Recolha de Dados T\u00e9cnicos para Fins Publicit\u00e1rios, Comerciais e Estat\u00edsticos<\/h5>\n<p>Os dados t\u00e9cnicos do seu dispositivo s\u00e3o recolhidos e registados automaticamente pelo Site para fins publicit\u00e1rios, comerciais e estat\u00edsticos. Esta informa\u00e7\u00e3o ajuda-nos a personalizar e a melhorar continuamente a sua experi\u00eancia no nosso Site. N\u00e3o recolhemos nem retemos quaisquer dados pessoais (nome, apelido, endere\u00e7o, etc.) que possam estar associados a dados t\u00e9cnicos. Os dados recolhidos podem ser revendidos a terceiros.<\/p>\n<h4>5. Reten\u00e7\u00e3o de Dados T\u00e9cnicos<\/h4>\n<h5>Dura\u00e7\u00e3o da Reten\u00e7\u00e3o de Dados T\u00e9cnicos<\/h5>\n<p>Os dados t\u00e9cnicos s\u00e3o retidos durante o per\u00edodo estritamente necess\u00e1rio para atingir os fins mencionados acima.<\/p>\n<h4>6. Elimina\u00e7\u00e3o da Conta<\/h4>\n<h5>Elimina\u00e7\u00e3o da Conta Mediante Pedido<\/h5>\n<p>O Utilizador tem a op\u00e7\u00e3o de eliminar a sua Conta a qualquer momento, solicitando-o simplesmente ao Editor OU atrav\u00e9s do menu de elimina\u00e7\u00e3o da Conta nas defini\u00e7\u00f5es da Conta, se aplic\u00e1vel.<\/p>\n<h5>Elimina\u00e7\u00e3o da Conta em Caso de Viola\u00e7\u00e3o da Pol\u00edtica de Privacidade<\/h5>\n<p>Em caso de viola\u00e7\u00e3o de uma ou mais disposi\u00e7\u00f5es da Pol\u00edtica de Privacidade ou de qualquer outro documento aqui incorporado por refer\u00eancia, o Editor reserva-se o direito de rescindir ou restringir, sem aviso pr\u00e9vio e ao seu exclusivo crit\u00e9rio, a sua utiliza\u00e7\u00e3o e acesso aos servi\u00e7os, \u00e0 sua conta e a todos os Sites.<\/p>\n<h4>7. Modifica\u00e7\u00e3o da Pol\u00edtica de Privacidade<\/h4>\n<h5>Em Caso de Modifica\u00e7\u00e3o desta Pol\u00edtica de Privacidade, Compromisso de N\u00e3o Reduzir Substancialmente o N\u00edvel de Privacidade sem Notifica\u00e7\u00e3o Pr\u00e9via \u00e0s Partes Interessadas<\/h5>\n<p>Comprometemo-nos a inform\u00e1-lo em caso de uma modifica\u00e7\u00e3o substancial desta Pol\u00edtica de Privacidade e a n\u00e3o reduzir substancialmente o n\u00edvel de privacidade dos seus dados sem o informar e obter o seu consentimento.<\/p>\n<h4>8. Lei Aplic\u00e1vel e Recursos<\/h4>\n<h5>Cl\u00e1usula de Arbitragem<\/h5>\n<p>Concorda expressamente que qualquer disputa decorrente desta Pol\u00edtica de Privacidade, incluindo a sua interpreta\u00e7\u00e3o ou execu\u00e7\u00e3o, estar\u00e1 sujeita a um procedimento de arbitragem sob as regras da plataforma de arbitragem escolhida por m\u00fatuo acordo, \u00e0 qual aderir\u00e1 sem reservas.<\/p>\t\t\t\t\t\t\t\t<\/div>\n\t\t\t\t\t<\/div>\n\t\t<\/div>\n\t\t\t\t\t<\/div>\n\t\t<\/section>\n\t\t\t\t<\/div>\n\t\t","protected":false},"excerpt":{"rendered":"<p>Defini\u00e7\u00f5es O Editor: A pessoa singular ou coletiva que publica servi\u00e7os de comunica\u00e7\u00e3o p\u00fablica online. O Site: Todos os websites, p\u00e1ginas de internet e servi\u00e7os online oferecidos pelo Editor. O Utilizador: A pessoa que utiliza o Site e os servi\u00e7os. 1. Natureza dos Dados Recolhidos No contexto da utiliza\u00e7\u00e3o dos Sites, o Editor pode recolher [&hellip;]<\/p>\n","protected":false},"author":1,"featured_media":0,"parent":0,"menu_order":0,"comment_status":"closed","ping_status":"closed","template":"","meta":{"footnotes":""},"class_list":["post-1683","page","type-page","status-publish","hentry"],"_links":{"self":[{"href":"https:\/\/karamellondonskincare.com\/pt-pt\/wp-json\/wp\/v2\/pages\/1683","targetHints":{"allow":["GET"]}}],"collection":[{"href":"https:\/\/karamellondonskincare.com\/pt-pt\/wp-json\/wp\/v2\/pages"}],"about":[{"href":"https:\/\/karamellondonskincare.com\/pt-pt\/wp-json\/wp\/v2\/types\/page"}],"author":[{"embeddable":true,"href":"https:\/\/karamellondonskincare.com\/pt-pt\/wp-json\/wp\/v2\/users\/1"}],"replies":[{"embeddable":true,"href":"https:\/\/karamellondonskincare.com\/pt-pt\/wp-json\/wp\/v2\/comments?post=1683"}],"version-history":[{"count":1,"href":"https:\/\/karamellondonskincare.com\/pt-pt\/wp-json\/wp\/v2\/pages\/1683\/revisions"}],"predecessor-version":[{"id":1684,"href":"https:\/\/karamellondonskincare.com\/pt-pt\/wp-json\/wp\/v2\/pages\/1683\/revisions\/1684"}],"wp:attachment":[{"href":"https:\/\/karamellondonskincare.com\/pt-pt\/wp-json\/wp\/v2\/media?parent=1683"}],"curies":[{"name":"wp","href":"https:\/\/api.w.org\/{rel}","templated":true}]}}