{"id":1960,"date":"2025-12-22T20:46:40","date_gmt":"2025-12-22T20:46:40","guid":{"rendered":"https:\/\/karamellondonskincare.com\/produit\/creme-de-noite-sovereign-barrier-50-ml\/"},"modified":"2025-12-22T20:46:40","modified_gmt":"2025-12-22T20:46:40","slug":"creme-de-noite-sovereign-barrier-50-ml","status":"publish","type":"product","link":"https:\/\/karamellondonskincare.com\/pt-pt\/produit\/creme-de-noite-sovereign-barrier-50-ml\/","title":{"rendered":"Creme de Noite Sovereign Barrier 50 ml"},"content":{"rendered":"<p><strong>KARAMEL LONDON SKINCARE<\/strong><br \/>COLE\u00c7\u00c3O SOVEREIGN SKIN<br \/>Creme de Noite Barreira<br \/>Conforto &amp; Recupera\u00e7\u00e3o<br \/>50 ml<br \/>Ecocert COSMOS Natural \u00b7 Com Ceramidas<\/p>\n<p>Um creme de noite restaurador concebido para apoiar a repara\u00e7\u00e3o da barreira cut\u00e2nea durante a recupera\u00e7\u00e3o noturna. As ceramidas e os l\u00edpidos biomim\u00e9ticos ajudam a combater a secura, a sensa\u00e7\u00e3o de repuxamento e a desidrata\u00e7\u00e3o, para uma tez resiliente e calma pela manh\u00e3.<\/p>\n<p><strong>Como usar:<\/strong><br \/>Aplicar \u00e0 noite ap\u00f3s o s\u00e9rum.<\/p>\n","protected":false},"excerpt":{"rendered":"<p>Creme de Noite Hidratante com Ceramidas. Ajuda a refor\u00e7ar a barreira cut\u00e2nea e proporciona um conforto profundamente hidratante. 50 ml.<\/p>\n","protected":false},"featured_media":0,"template":"","meta":[],"product_brand":[],"product_cat":[247],"product_tag":[],"class_list":{"0":"post-1960","1":"product","2":"type-product","3":"status-publish","5":"product_cat-nutre-restaura","7":"first","8":"instock","9":"taxable","10":"shipping-taxable","11":"product-type-simple"},"_links":{"self":[{"href":"https:\/\/karamellondonskincare.com\/pt-pt\/wp-json\/wp\/v2\/product\/1960","targetHints":{"allow":["GET"]}}],"collection":[{"href":"https:\/\/karamellondonskincare.com\/pt-pt\/wp-json\/wp\/v2\/product"}],"about":[{"href":"https:\/\/karamellondonskincare.com\/pt-pt\/wp-json\/wp\/v2\/types\/product"}],"wp:attachment":[{"href":"https:\/\/karamellondonskincare.com\/pt-pt\/wp-json\/wp\/v2\/media?parent=1960"}],"wp:term":[{"taxonomy":"product_brand","embeddable":true,"href":"https:\/\/karamellondonskincare.com\/pt-pt\/wp-json\/wp\/v2\/product_brand?post=1960"},{"taxonomy":"product_cat","embeddable":true,"href":"https:\/\/karamellondonskincare.com\/pt-pt\/wp-json\/wp\/v2\/product_cat?post=1960"},{"taxonomy":"product_tag","embeddable":true,"href":"https:\/\/karamellondonskincare.com\/pt-pt\/wp-json\/wp\/v2\/product_tag?post=1960"}],"curies":[{"name":"wp","href":"https:\/\/api.w.org\/{rel}","templated":true}]}}