{"id":1961,"date":"2025-12-22T20:46:41","date_gmt":"2025-12-22T20:46:41","guid":{"rendered":"https:\/\/karamellondonskincare.com\/produit\/protetor-solar-mineral-com-cor-sovereign-fps30-30-ml\/"},"modified":"2025-12-22T20:46:41","modified_gmt":"2025-12-22T20:46:41","slug":"protetor-solar-mineral-com-cor-sovereign-fps30-30-ml","status":"publish","type":"product","link":"https:\/\/karamellondonskincare.com\/pt-pt\/produit\/protetor-solar-mineral-com-cor-sovereign-fps30-30-ml\/","title":{"rendered":"Protetor Solar Mineral com Cor Sovereign FPS30 30 ml"},"content":{"rendered":"<p><strong>KARAMEL LONDON SKINCARE<\/strong><br \/>COLE\u00c7\u00c3O SOVEREIGN SKIN<br \/>Protetor Solar Mineral com Cor FPS 30<br \/>Alta Prote\u00e7\u00e3o | \u00c0 Base de Minerais<br \/>30 ml<br \/>Ecocert COSMOS Natural<\/p>\n<p>Protetor solar mineral com cor e leve, com prote\u00e7\u00e3o UVA\/UVB de amplo espetro para o rosto.<\/p>\n<p><strong>Como usar:<\/strong><br \/>Aplique no rosto antes da exposi\u00e7\u00e3o solar.<\/p>\n","protected":false},"excerpt":{"rendered":"<p>Protetor Solar Mineral com Cor FPS 30. F\u00f3rmula de alta prote\u00e7\u00e3o, \u00e0 base de minerais, para o rosto. 30 ml.<\/p>\n","protected":false},"featured_media":0,"template":"","meta":[],"product_brand":[],"product_cat":[248],"product_tag":[],"class_list":{"0":"post-1961","1":"product","2":"type-product","3":"status-publish","5":"product_cat-protecao-solar","7":"first","8":"instock","9":"taxable","10":"shipping-taxable","11":"product-type-simple"},"_links":{"self":[{"href":"https:\/\/karamellondonskincare.com\/pt-pt\/wp-json\/wp\/v2\/product\/1961","targetHints":{"allow":["GET"]}}],"collection":[{"href":"https:\/\/karamellondonskincare.com\/pt-pt\/wp-json\/wp\/v2\/product"}],"about":[{"href":"https:\/\/karamellondonskincare.com\/pt-pt\/wp-json\/wp\/v2\/types\/product"}],"wp:attachment":[{"href":"https:\/\/karamellondonskincare.com\/pt-pt\/wp-json\/wp\/v2\/media?parent=1961"}],"wp:term":[{"taxonomy":"product_brand","embeddable":true,"href":"https:\/\/karamellondonskincare.com\/pt-pt\/wp-json\/wp\/v2\/product_brand?post=1961"},{"taxonomy":"product_cat","embeddable":true,"href":"https:\/\/karamellondonskincare.com\/pt-pt\/wp-json\/wp\/v2\/product_cat?post=1961"},{"taxonomy":"product_tag","embeddable":true,"href":"https:\/\/karamellondonskincare.com\/pt-pt\/wp-json\/wp\/v2\/product_tag?post=1961"}],"curies":[{"name":"wp","href":"https:\/\/api.w.org\/{rel}","templated":true}]}}