{"id":1962,"date":"2025-12-22T20:46:41","date_gmt":"2025-12-22T20:46:41","guid":{"rendered":"https:\/\/karamellondonskincare.com\/produit\/protetor-solar-mineral-soberano-fps30-sem-cor-150-ml\/"},"modified":"2025-12-22T20:46:41","modified_gmt":"2025-12-22T20:46:41","slug":"protetor-solar-mineral-soberano-fps30-sem-cor-150-ml","status":"publish","type":"product","link":"https:\/\/karamellondonskincare.com\/pt-pt\/produit\/protetor-solar-mineral-soberano-fps30-sem-cor-150-ml\/","title":{"rendered":"Protetor Solar Mineral Soberano FPS30 Sem Cor 150 ml"},"content":{"rendered":"<p><strong>KARAMEL LONDON SKINCARE<\/strong><br \/>COLE\u00c7\u00c3O SOVEREIGN SKIN<br \/>Protetor Solar Mineral FPS 30<br \/>Rosto e Corpo | Sem Cor<br \/>150 ml<br \/>Ecocert COSMOS Natural \u00b7 \u00c0 Base de Minerais \u00b7 Vegan<\/p>\n<p>Um protetor solar mineral leve que oferece prote\u00e7\u00e3o UVA\/UVB de amplo espetro para o rosto e corpo. Resistente \u00e0 \u00e1gua e confort\u00e1vel para uso di\u00e1rio sem deixar res\u00edduos brancos vis\u00edveis.<\/p>\n<p><strong>Como usar:<\/strong><br \/>Aplique generosamente no rosto e corpo antes da exposi\u00e7\u00e3o solar.<\/p>\n","protected":false},"excerpt":{"rendered":"<p>Protetor Solar Mineral FPS 30 (Sem Cor). Prote\u00e7\u00e3o UVA\/UVB de amplo espetro para rosto e corpo. Resistente \u00e0 \u00e1gua. 150 ml.<\/p>\n","protected":false},"featured_media":0,"template":"","meta":[],"product_brand":[],"product_cat":[248],"product_tag":[],"class_list":{"0":"post-1962","1":"product","2":"type-product","3":"status-publish","5":"product_cat-protecao-solar","7":"first","8":"instock","9":"taxable","10":"shipping-taxable","11":"product-type-simple"},"_links":{"self":[{"href":"https:\/\/karamellondonskincare.com\/pt-pt\/wp-json\/wp\/v2\/product\/1962","targetHints":{"allow":["GET"]}}],"collection":[{"href":"https:\/\/karamellondonskincare.com\/pt-pt\/wp-json\/wp\/v2\/product"}],"about":[{"href":"https:\/\/karamellondonskincare.com\/pt-pt\/wp-json\/wp\/v2\/types\/product"}],"wp:attachment":[{"href":"https:\/\/karamellondonskincare.com\/pt-pt\/wp-json\/wp\/v2\/media?parent=1962"}],"wp:term":[{"taxonomy":"product_brand","embeddable":true,"href":"https:\/\/karamellondonskincare.com\/pt-pt\/wp-json\/wp\/v2\/product_brand?post=1962"},{"taxonomy":"product_cat","embeddable":true,"href":"https:\/\/karamellondonskincare.com\/pt-pt\/wp-json\/wp\/v2\/product_cat?post=1962"},{"taxonomy":"product_tag","embeddable":true,"href":"https:\/\/karamellondonskincare.com\/pt-pt\/wp-json\/wp\/v2\/product_tag?post=1962"}],"curies":[{"name":"wp","href":"https:\/\/api.w.org\/{rel}","templated":true}]}}