{"id":1963,"date":"2025-12-22T20:46:40","date_gmt":"2025-12-22T20:46:40","guid":{"rendered":"https:\/\/karamellondonskincare.com\/produit\/creme-de-dia-sovereign-50-ml\/"},"modified":"2025-12-22T20:46:40","modified_gmt":"2025-12-22T20:46:40","slug":"creme-de-dia-sovereign-50-ml","status":"publish","type":"product","link":"https:\/\/karamellondonskincare.com\/pt-pt\/produit\/creme-de-dia-sovereign-50-ml\/","title":{"rendered":"Creme de Dia Sovereign 50 ml"},"content":{"rendered":"<p><strong>KARAMEL LONDON SKINCARE<\/strong><br \/>COLE\u00c7\u00c3O SOVEREIGN SKIN<br \/>Creme de Dia<br \/>Hidrata\u00e7\u00e3o &amp; Suavidade da Pele<br \/>50 ml<br \/>Ecocert COSMOS Natural \u00b7 Com \u00c1cido Hialur\u00f3nico<\/p>\n<p>Um creme de dia aveludado formulado para repor a hidrata\u00e7\u00e3o, suavizar a textura da pele e proporcionar conforto di\u00e1rio. Com ativos de origem marinha e \u00e1cido hialur\u00f3nico multi-peso para manter a hidrata\u00e7\u00e3o e uma tez refinada.<\/p>\n<p><strong>Como usar:<\/strong><br \/>Aplicar todas as manh\u00e3s ap\u00f3s o s\u00e9rum. Aplicar protetor solar de seguida.<\/p>\n","protected":false},"excerpt":{"rendered":"<p>Creme de Dia Hidratante com \u00c1cido Hialur\u00f3nico. Ajuda a melhorar a suavidade da pele e apoia o equil\u00edbrio da hidrata\u00e7\u00e3o. 50 ml.  <\/p>\n","protected":false},"featured_media":0,"template":"","meta":[],"product_brand":[],"product_cat":[247],"product_tag":[],"class_list":{"0":"post-1963","1":"product","2":"type-product","3":"status-publish","5":"product_cat-nutre-restaura","7":"first","8":"instock","9":"taxable","10":"shipping-taxable","11":"product-type-simple"},"_links":{"self":[{"href":"https:\/\/karamellondonskincare.com\/pt-pt\/wp-json\/wp\/v2\/product\/1963","targetHints":{"allow":["GET"]}}],"collection":[{"href":"https:\/\/karamellondonskincare.com\/pt-pt\/wp-json\/wp\/v2\/product"}],"about":[{"href":"https:\/\/karamellondonskincare.com\/pt-pt\/wp-json\/wp\/v2\/types\/product"}],"wp:attachment":[{"href":"https:\/\/karamellondonskincare.com\/pt-pt\/wp-json\/wp\/v2\/media?parent=1963"}],"wp:term":[{"taxonomy":"product_brand","embeddable":true,"href":"https:\/\/karamellondonskincare.com\/pt-pt\/wp-json\/wp\/v2\/product_brand?post=1963"},{"taxonomy":"product_cat","embeddable":true,"href":"https:\/\/karamellondonskincare.com\/pt-pt\/wp-json\/wp\/v2\/product_cat?post=1963"},{"taxonomy":"product_tag","embeddable":true,"href":"https:\/\/karamellondonskincare.com\/pt-pt\/wp-json\/wp\/v2\/product_tag?post=1963"}],"curies":[{"name":"wp","href":"https:\/\/api.w.org\/{rel}","templated":true}]}}