{"id":1965,"date":"2025-12-22T20:46:40","date_gmt":"2025-12-22T20:46:40","guid":{"rendered":"https:\/\/karamellondonskincare.com\/produit\/sovereign-aha-peeling-concentrate-30-ml\/"},"modified":"2025-12-22T20:46:40","modified_gmt":"2025-12-22T20:46:40","slug":"sovereign-aha-peeling-concentrate-30-ml","status":"publish","type":"product","link":"https:\/\/karamellondonskincare.com\/pt-pt\/produit\/sovereign-aha-peeling-concentrate-30-ml\/","title":{"rendered":"Sovereign AHA Peeling Concentrate 30 ml"},"content":{"rendered":"<p><strong>KARAMEL LONDON SKINCARE<\/strong><br \/>COLE\u00c7\u00c3O SOVEREIGN SKIN<br \/>Concentrado Peeling AHA<br \/>Refinamento &amp; Luminosidade<br \/>30 ml<br \/>Ecocert COSMOS Natural \u00b7 10% \u00c1cido L\u00e1tico<\/p>\n<p>Um concentrado esfoliante direcionado, formulado com 10% de \u00e1cido l\u00e1tico para refinar suavemente a textura, melhorar a luminosidade e restaurar a luminosidade, enquanto o \u00e1cido hialur\u00f3nico mant\u00e9m o conforto e a hidrata\u00e7\u00e3o.<\/p>\n<p><strong>Problemas de pele:<\/strong><br \/>Falta de brilho \u00b7 Textura irregular \u00b7 Manchas escuras \u00b7 Imperfei\u00e7\u00f5es<\/p>\n<p><strong>Como usar:<\/strong><br \/>Aplique uma camada fina \u00e0 noite. Deixe atuar durante a noite. Use 1 a 2 vezes por semana. Aplique sempre protetor solar no dia seguinte.<\/p>\n","protected":false},"excerpt":{"rendered":"<p>Concentrado Esfoliante AHA (10% de \u00c1cido L\u00e1tico). Ajuda a refinar a textura da pele e melhora o aspeto da pele ba\u00e7a. Esfolia\u00e7\u00e3o hidratante. 30 ml.<\/p>\n","protected":false},"featured_media":0,"template":"","meta":[],"product_brand":[],"product_cat":[249],"product_tag":[],"class_list":{"0":"post-1965","1":"product","2":"type-product","3":"status-publish","5":"product_cat-tratamento-fortalecimento","7":"first","8":"instock","9":"taxable","10":"shipping-taxable","11":"product-type-simple"},"_links":{"self":[{"href":"https:\/\/karamellondonskincare.com\/pt-pt\/wp-json\/wp\/v2\/product\/1965","targetHints":{"allow":["GET"]}}],"collection":[{"href":"https:\/\/karamellondonskincare.com\/pt-pt\/wp-json\/wp\/v2\/product"}],"about":[{"href":"https:\/\/karamellondonskincare.com\/pt-pt\/wp-json\/wp\/v2\/types\/product"}],"wp:attachment":[{"href":"https:\/\/karamellondonskincare.com\/pt-pt\/wp-json\/wp\/v2\/media?parent=1965"}],"wp:term":[{"taxonomy":"product_brand","embeddable":true,"href":"https:\/\/karamellondonskincare.com\/pt-pt\/wp-json\/wp\/v2\/product_brand?post=1965"},{"taxonomy":"product_cat","embeddable":true,"href":"https:\/\/karamellondonskincare.com\/pt-pt\/wp-json\/wp\/v2\/product_cat?post=1965"},{"taxonomy":"product_tag","embeddable":true,"href":"https:\/\/karamellondonskincare.com\/pt-pt\/wp-json\/wp\/v2\/product_tag?post=1965"}],"curies":[{"name":"wp","href":"https:\/\/api.w.org\/{rel}","templated":true}]}}