{"id":1966,"date":"2025-12-22T20:46:41","date_gmt":"2025-12-22T20:46:41","guid":{"rendered":"https:\/\/karamellondonskincare.com\/produit\/oleo-facial-nutritivo-sovereign-30-ml\/"},"modified":"2025-12-22T20:46:41","modified_gmt":"2025-12-22T20:46:41","slug":"oleo-facial-nutritivo-sovereign-30-ml","status":"publish","type":"product","link":"https:\/\/karamellondonskincare.com\/pt-pt\/produit\/oleo-facial-nutritivo-sovereign-30-ml\/","title":{"rendered":"\u00d3leo Facial Nutritivo Sovereign 30 ml"},"content":{"rendered":"<p><strong>KARAMEL LONDON SKINCARE<\/strong><br \/>COLE\u00c7\u00c3O SOVEREIGN SKIN<br \/>\u00d3leo Facial Nutritivo<br \/>Alternativa Natural ao Retinol<br \/>30 ml<br \/>Ecocert COSMOS Organic \u00b7 Vegan<\/p>\n<p>Um \u00f3leo facial luxuoso formulado com 11 \u00f3leos bot\u00e2nicos org\u00e2nicos e bakuchiol, uma alternativa suave ao retinol \u00e0 base de plantas. Promove a renova\u00e7\u00e3o, suavidade, elasticidade e brilho radiante sem irrita\u00e7\u00e3o.<\/p>\n<p><strong>Como usar:<\/strong><br \/>Aplique 2\u20134 gotas \u00e0 noite. Use sozinho ou em camadas antes do creme.<\/p>\n","protected":false},"excerpt":{"rendered":"<p>\u00d3leo Facial Nutritivo com Bakuchiol (Alternativa Natural ao Retinol). Promove a renova\u00e7\u00e3o, suavidade, elasticidade e brilho radiante. 30 ml.<\/p>\n","protected":false},"featured_media":0,"template":"","meta":[],"product_brand":[],"product_cat":[247],"product_tag":[],"class_list":{"0":"post-1966","1":"product","2":"type-product","3":"status-publish","5":"product_cat-nutre-restaura","7":"first","8":"instock","9":"taxable","10":"shipping-taxable","11":"product-type-simple"},"_links":{"self":[{"href":"https:\/\/karamellondonskincare.com\/pt-pt\/wp-json\/wp\/v2\/product\/1966","targetHints":{"allow":["GET"]}}],"collection":[{"href":"https:\/\/karamellondonskincare.com\/pt-pt\/wp-json\/wp\/v2\/product"}],"about":[{"href":"https:\/\/karamellondonskincare.com\/pt-pt\/wp-json\/wp\/v2\/types\/product"}],"wp:attachment":[{"href":"https:\/\/karamellondonskincare.com\/pt-pt\/wp-json\/wp\/v2\/media?parent=1966"}],"wp:term":[{"taxonomy":"product_brand","embeddable":true,"href":"https:\/\/karamellondonskincare.com\/pt-pt\/wp-json\/wp\/v2\/product_brand?post=1966"},{"taxonomy":"product_cat","embeddable":true,"href":"https:\/\/karamellondonskincare.com\/pt-pt\/wp-json\/wp\/v2\/product_cat?post=1966"},{"taxonomy":"product_tag","embeddable":true,"href":"https:\/\/karamellondonskincare.com\/pt-pt\/wp-json\/wp\/v2\/product_tag?post=1966"}],"curies":[{"name":"wp","href":"https:\/\/api.w.org\/{rel}","templated":true}]}}