{"id":1967,"date":"2025-12-22T20:46:40","date_gmt":"2025-12-22T20:46:40","guid":{"rendered":"https:\/\/karamellondonskincare.com\/produit\/serum-facial-soberano-30-ml\/"},"modified":"2025-12-22T20:46:40","modified_gmt":"2025-12-22T20:46:40","slug":"serum-facial-soberano-30-ml","status":"publish","type":"product","link":"https:\/\/karamellondonskincare.com\/pt-pt\/produit\/serum-facial-soberano-30-ml\/","title":{"rendered":"S\u00e9rum Facial Soberano 30 ml"},"content":{"rendered":"<p><strong>KARAMEL LONDON SKINCARE<\/strong><br \/>COLE\u00c7\u00c3O SOVEREIGN SKIN<br \/>S\u00e9rum Facial<br \/>Renova\u00e7\u00e3o Suave | Alternativa ao Retinol<br \/>30 ml<br \/>Ecocert COSMOS Natural \u00b7 Vegan \u00b7 Sem Gl\u00faten \u00b7 Sem Frutos Secos<\/p>\n<p>Um s\u00e9rum de renova\u00e7\u00e3o de alto desempenho, mas excecionalmente suave, formulado com Bidens Pilosa, uma alternativa ao retinol derivada de plantas. Favorece a renova\u00e7\u00e3o vis\u00edvel da pele, a textura refinada e a resist\u00eancia da barreira cut\u00e2nea, sem irrita\u00e7\u00e3o.<\/p>\n<p>Concebido especialmente para pele sens\u00edvel, seca, na perimenopausa e na menopausa.<\/p>\n<p><strong>Principais Benef\u00edcios:<\/strong><\/p>\n<ul>\n<li>Renova\u00e7\u00e3o suave, alternativa ao retinol<\/li>\n<li>Melhora a textura e as linhas finas<\/li>\n<li>Suporta a for\u00e7a da barreira cut\u00e2nea<\/li>\n<li>Hidratante e n\u00e3o irritante<\/li>\n<\/ul>\n<p><strong>Como Usar:<\/strong><br \/>Aplicar \u00e0 noite na pele limpa e seca. Aplicar de seguida um creme de noite ou \u00f3leo facial.<\/p>\n","protected":false},"excerpt":{"rendered":"<p>S\u00e9rum de Renova\u00e7\u00e3o Suave com Alternativa ao Retinol. Suporta a renova\u00e7\u00e3o vis\u00edvel da pele, a textura refinada e a resili\u00eancia da barreira cut\u00e2nea sem irrita\u00e7\u00e3o. 30 ml.<\/p>\n","protected":false},"featured_media":0,"template":"","meta":[],"product_brand":[],"product_cat":[249],"product_tag":[],"class_list":{"0":"post-1967","1":"product","2":"type-product","3":"status-publish","5":"product_cat-tratamento-fortalecimento","7":"first","8":"instock","9":"taxable","10":"shipping-taxable","11":"product-type-simple"},"_links":{"self":[{"href":"https:\/\/karamellondonskincare.com\/pt-pt\/wp-json\/wp\/v2\/product\/1967","targetHints":{"allow":["GET"]}}],"collection":[{"href":"https:\/\/karamellondonskincare.com\/pt-pt\/wp-json\/wp\/v2\/product"}],"about":[{"href":"https:\/\/karamellondonskincare.com\/pt-pt\/wp-json\/wp\/v2\/types\/product"}],"wp:attachment":[{"href":"https:\/\/karamellondonskincare.com\/pt-pt\/wp-json\/wp\/v2\/media?parent=1967"}],"wp:term":[{"taxonomy":"product_brand","embeddable":true,"href":"https:\/\/karamellondonskincare.com\/pt-pt\/wp-json\/wp\/v2\/product_brand?post=1967"},{"taxonomy":"product_cat","embeddable":true,"href":"https:\/\/karamellondonskincare.com\/pt-pt\/wp-json\/wp\/v2\/product_cat?post=1967"},{"taxonomy":"product_tag","embeddable":true,"href":"https:\/\/karamellondonskincare.com\/pt-pt\/wp-json\/wp\/v2\/product_tag?post=1967"}],"curies":[{"name":"wp","href":"https:\/\/api.w.org\/{rel}","templated":true}]}}