{"id":1968,"date":"2025-12-22T20:46:41","date_gmt":"2025-12-22T20:46:41","guid":{"rendered":"https:\/\/karamellondonskincare.com\/produit\/sovereign-creme-de-olhos-suavizante-15-ml\/"},"modified":"2025-12-22T20:46:41","modified_gmt":"2025-12-22T20:46:41","slug":"sovereign-creme-de-olhos-suavizante-15-ml","status":"publish","type":"product","link":"https:\/\/karamellondonskincare.com\/pt-pt\/produit\/sovereign-creme-de-olhos-suavizante-15-ml\/","title":{"rendered":"Sovereign Creme de Olhos Suavizante 15 ml"},"content":{"rendered":"<p><strong>KARAMEL LONDON SKINCARE<\/strong><br \/>COLE\u00c7\u00c3O SOVEREIGN SKIN<br \/>Creme de Olhos Suavizante<br \/>Hidrata\u00e7\u00e3o &amp; Conforto<br \/>15 ml<br \/>Ecocert COSMOS Natural \u00b7 Vegan \u00b7 Sem Gl\u00faten<\/p>\n<p>Um creme de olhos leve que hidrata, suaviza e refresca a zona delicada dos olhos sem sensa\u00e7\u00e3o de peso. Suporta uma apar\u00eancia descansada e confort\u00e1vel com o uso di\u00e1rio.<\/p>\n<p><strong>Como usar:<\/strong><br \/>Aplique uma pequena quantidade \u00e0 volta da zona dos olhos. Aplique suavemente at\u00e9 ser absorvido.<\/p>\n","protected":false},"excerpt":{"rendered":"<p>Creme de Olhos Suavizante. Hidrata, suaviza e refresca a zona delicada dos olhos sem sensa\u00e7\u00e3o de peso. 15 ml.<\/p>\n","protected":false},"featured_media":0,"template":"","meta":[],"product_brand":[],"product_cat":[245],"product_tag":[],"class_list":{"0":"post-1968","1":"product","2":"type-product","3":"status-publish","5":"product_cat-nourish-restore","7":"first","8":"instock","9":"taxable","10":"shipping-taxable","11":"product-type-simple"},"_links":{"self":[{"href":"https:\/\/karamellondonskincare.com\/pt-pt\/wp-json\/wp\/v2\/product\/1968","targetHints":{"allow":["GET"]}}],"collection":[{"href":"https:\/\/karamellondonskincare.com\/pt-pt\/wp-json\/wp\/v2\/product"}],"about":[{"href":"https:\/\/karamellondonskincare.com\/pt-pt\/wp-json\/wp\/v2\/types\/product"}],"wp:attachment":[{"href":"https:\/\/karamellondonskincare.com\/pt-pt\/wp-json\/wp\/v2\/media?parent=1968"}],"wp:term":[{"taxonomy":"product_brand","embeddable":true,"href":"https:\/\/karamellondonskincare.com\/pt-pt\/wp-json\/wp\/v2\/product_brand?post=1968"},{"taxonomy":"product_cat","embeddable":true,"href":"https:\/\/karamellondonskincare.com\/pt-pt\/wp-json\/wp\/v2\/product_cat?post=1968"},{"taxonomy":"product_tag","embeddable":true,"href":"https:\/\/karamellondonskincare.com\/pt-pt\/wp-json\/wp\/v2\/product_tag?post=1968"}],"curies":[{"name":"wp","href":"https:\/\/api.w.org\/{rel}","templated":true}]}}