{"id":1969,"date":"2025-12-22T20:46:40","date_gmt":"2025-12-22T20:46:40","guid":{"rendered":"https:\/\/karamellondonskincare.com\/produit\/serum-de-vitamina-c-sovereign-30-ml\/"},"modified":"2025-12-22T20:46:40","modified_gmt":"2025-12-22T20:46:40","slug":"serum-de-vitamina-c-sovereign-30-ml","status":"publish","type":"product","link":"https:\/\/karamellondonskincare.com\/pt-pt\/produit\/serum-de-vitamina-c-sovereign-30-ml\/","title":{"rendered":"S\u00e9rum de Vitamina C Sovereign 30 ml"},"content":{"rendered":"<p><strong>KARAMEL LONDON SKINCARE<\/strong><br \/>COLE\u00c7\u00c3O SOVEREIGN SKIN<br \/>S\u00e9rum de Vitamina C<br \/>Luminosidade &amp; Refina\u00e7\u00e3o do Tom<br \/>30 ml \/ 1.01 fl oz<br \/>Ecocert COSMOS Natural \u00b7 2% Vitamina C (Origem Natural) \u00b7 Vegan \u00b7 Sem Gl\u00faten<\/p>\n<p>Um s\u00e9rum leve e de r\u00e1pida absor\u00e7\u00e3o, formulado com 2% de Vitamina C de origem natural (Ascorbil Glucos\u00eddeo) para melhorar visivelmente a tez ba\u00e7a, o tom irregular e o aspeto das manchas escuras, mantendo-se suave para a pele sens\u00edvel e rica em melanina.<\/p>\n<p>Enriquecido com \u00e1cido fer\u00falico, \u00f3leo de espinheiro mar\u00edtimo e vitamina E para prote\u00e7\u00e3o antioxidante, al\u00e9m de \u00e1cido hialur\u00f3nico e PCA de s\u00f3dio para apoiar a hidrata\u00e7\u00e3o e a vitalidade da pele.<\/p>\n<p><strong>Problemas de Pele:<\/strong><br \/>Tom irregular \u00b7 Manchas escuras \u00b7 Desidrata\u00e7\u00e3o \u00b7 Primeiros sinais de envelhecimento<\/p>\n<p><strong>Como Usar:<\/strong><br \/>Aplicar na pele limpa e seca. Massajar suavemente no rosto e pesco\u00e7o. Usar de manh\u00e3 antes do hidratante e do protetor solar.<\/p>\n","protected":false},"excerpt":{"rendered":"<p>S\u00e9rum de Vitamina C (2%). Ajuda a iluminar o aspeto do tom de pele e promove uma tez uniforme para um brilho com aspeto saud\u00e1vel. 30 ml.<\/p>\n","protected":false},"featured_media":0,"template":"","meta":[],"product_brand":[],"product_cat":[249],"product_tag":[],"class_list":{"0":"post-1969","1":"product","2":"type-product","3":"status-publish","5":"product_cat-tratamento-fortalecimento","7":"first","8":"instock","9":"taxable","10":"shipping-taxable","11":"product-type-simple"},"_links":{"self":[{"href":"https:\/\/karamellondonskincare.com\/pt-pt\/wp-json\/wp\/v2\/product\/1969","targetHints":{"allow":["GET"]}}],"collection":[{"href":"https:\/\/karamellondonskincare.com\/pt-pt\/wp-json\/wp\/v2\/product"}],"about":[{"href":"https:\/\/karamellondonskincare.com\/pt-pt\/wp-json\/wp\/v2\/types\/product"}],"wp:attachment":[{"href":"https:\/\/karamellondonskincare.com\/pt-pt\/wp-json\/wp\/v2\/media?parent=1969"}],"wp:term":[{"taxonomy":"product_brand","embeddable":true,"href":"https:\/\/karamellondonskincare.com\/pt-pt\/wp-json\/wp\/v2\/product_brand?post=1969"},{"taxonomy":"product_cat","embeddable":true,"href":"https:\/\/karamellondonskincare.com\/pt-pt\/wp-json\/wp\/v2\/product_cat?post=1969"},{"taxonomy":"product_tag","embeddable":true,"href":"https:\/\/karamellondonskincare.com\/pt-pt\/wp-json\/wp\/v2\/product_tag?post=1969"}],"curies":[{"name":"wp","href":"https:\/\/api.w.org\/{rel}","templated":true}]}}