{"id":1970,"date":"2025-12-22T20:46:40","date_gmt":"2025-12-22T20:46:40","guid":{"rendered":"https:\/\/karamellondonskincare.com\/produit\/tonico-hidratante-sovereign-200-ml\/"},"modified":"2025-12-22T20:46:40","modified_gmt":"2025-12-22T20:46:40","slug":"tonico-hidratante-sovereign-200-ml","status":"publish","type":"product","link":"https:\/\/karamellondonskincare.com\/pt-pt\/produit\/tonico-hidratante-sovereign-200-ml\/","title":{"rendered":"T\u00f3nico Hidratante Sovereign 200 ml"},"content":{"rendered":"<p><strong>KARAMEL LONDON SKINCARE<\/strong><br \/>COLE\u00c7\u00c3O SOVEREIGN SKIN<br \/>T\u00f3nico Hidratante<br \/>Frescura &amp; Conforto<br \/>200 ml \/ 6.76 fl oz<br \/>Ecocert COSMOS Natural \u00b7 Sem Fragr\u00e2ncia Adicionada<\/p>\n<p>Um t\u00f3nico suave e sem perfume, concebido para hidratar e reequilibrar a pele ap\u00f3s a limpeza. Enriquecido com \u00e1gua de rosas e \u00e1cido hialur\u00f3nico para restaurar a hidrata\u00e7\u00e3o, acalmar a tez e preparar a pele para tratamentos ativos.<\/p>\n<p><strong>Ideal Para:<\/strong><\/p>\n<ul>\n<li>Uso di\u00e1rio de manh\u00e3 e \u00e0 noite<\/li>\n<li>Hidrata\u00e7\u00e3o \u00b7 Equil\u00edbrio \u00b7 Conforto<\/li>\n<\/ul>\n<p><strong>Como Usar:<\/strong><br \/>Ap\u00f3s a limpeza, pressione no rosto e pesco\u00e7o com as palmas das m\u00e3os. Evite o contacto direto com os olhos.<\/p>\n","protected":false},"excerpt":{"rendered":"<p>T\u00f3nico Hidratante. Ajuda a manter o conforto da pele e refresca a apar\u00eancia da pele ba\u00e7a. Para uso di\u00e1rio. 200 ml.<\/p>\n","protected":false},"featured_media":0,"template":"","meta":[],"product_brand":[],"product_cat":[250],"product_tag":[],"class_list":{"0":"post-1970","1":"product","2":"type-product","3":"status-publish","5":"product_cat-limpeza-preparacao","7":"first","8":"instock","9":"taxable","10":"shipping-taxable","11":"product-type-simple"},"_links":{"self":[{"href":"https:\/\/karamellondonskincare.com\/pt-pt\/wp-json\/wp\/v2\/product\/1970","targetHints":{"allow":["GET"]}}],"collection":[{"href":"https:\/\/karamellondonskincare.com\/pt-pt\/wp-json\/wp\/v2\/product"}],"about":[{"href":"https:\/\/karamellondonskincare.com\/pt-pt\/wp-json\/wp\/v2\/types\/product"}],"wp:attachment":[{"href":"https:\/\/karamellondonskincare.com\/pt-pt\/wp-json\/wp\/v2\/media?parent=1970"}],"wp:term":[{"taxonomy":"product_brand","embeddable":true,"href":"https:\/\/karamellondonskincare.com\/pt-pt\/wp-json\/wp\/v2\/product_brand?post=1970"},{"taxonomy":"product_cat","embeddable":true,"href":"https:\/\/karamellondonskincare.com\/pt-pt\/wp-json\/wp\/v2\/product_cat?post=1970"},{"taxonomy":"product_tag","embeddable":true,"href":"https:\/\/karamellondonskincare.com\/pt-pt\/wp-json\/wp\/v2\/product_tag?post=1970"}],"curies":[{"name":"wp","href":"https:\/\/api.w.org\/{rel}","templated":true}]}}