{"id":1971,"date":"2025-12-22T20:46:40","date_gmt":"2025-12-22T20:46:40","guid":{"rendered":"https:\/\/karamellondonskincare.com\/produit\/sovereign-oleo-de-limpeza-transformador-em-leite-150-ml\/"},"modified":"2025-12-22T20:46:40","modified_gmt":"2025-12-22T20:46:40","slug":"sovereign-oleo-de-limpeza-transformador-em-leite-150-ml","status":"publish","type":"product","link":"https:\/\/karamellondonskincare.com\/pt-pt\/produit\/sovereign-oleo-de-limpeza-transformador-em-leite-150-ml\/","title":{"rendered":"Sovereign \u00d3leo de Limpeza Transformador em Leite 150 ml"},"content":{"rendered":"<p><strong>KARAMEL LONDON SKINCARE<\/strong><br \/>COLE\u00c7\u00c3O SOVEREIGN SKIN<br \/>\u00d3leo de Limpeza Leitoso<br \/>Pele Sens\u00edvel \u00b7 Suave &amp; Nutritivo<br \/>150 ml \/ 5.07 fl oz<br \/>Ecocert COSMOS Organic \u00b7 Dermatologicamente Testado \u00b7 Vegan<\/p>\n<p>Um \u00f3leo de limpeza transformador inovador que se transforma em leite ao contacto com a \u00e1gua. O rico \u00f3leo-gel dissolve a maquilhagem, o protetor solar e as impurezas antes de emulsionar num leite sedoso para um enxaguamento sem esfor\u00e7o.<\/p>\n<p>Deixa a pele limpa, macia e nutrida sem comprometer a hidrata\u00e7\u00e3o \u2014 ideal para pele sens\u00edvel, seca ou menop\u00e1usica.<\/p>\n<p><strong>Ingredientes chave:<\/strong><br \/>\u00d3leo de Girassol \u00b7 Glicol\u00edpidos \u00b7 Extrato de Camomila \u00b7 Extratos de Espinheiro Mar\u00edtimo &amp; Amora-an\u00e3<\/p>\n<p><strong>Tipo de Pele &amp; Preocupa\u00e7\u00f5es:<\/strong><br \/>Sens\u00edvel \u00b7 Seca \u00b7 Delicada \u00b7 Todos os tipos de pele<\/p>\n<p><strong>Como usar:<\/strong><br \/>Aplicar na pele seca ou h\u00famida. Massaje suavemente e, em seguida, enxague abundantemente. Evite o contacto direto com os olhos.<\/p>\n","protected":false},"excerpt":{"rendered":"<p>\u00d3leo de Limpeza Leitoso adequado para pele sens\u00edvel. Ajuda a remover a maquilhagem &amp; impurezas com uma sensa\u00e7\u00e3o confort\u00e1vel e n\u00e3o secativa. 150 ml.<\/p>\n","protected":false},"featured_media":0,"template":"","meta":[],"product_brand":[],"product_cat":[250],"product_tag":[],"class_list":{"0":"post-1971","1":"product","2":"type-product","3":"status-publish","5":"product_cat-limpeza-preparacao","7":"first","8":"instock","9":"taxable","10":"shipping-taxable","11":"product-type-simple"},"_links":{"self":[{"href":"https:\/\/karamellondonskincare.com\/pt-pt\/wp-json\/wp\/v2\/product\/1971","targetHints":{"allow":["GET"]}}],"collection":[{"href":"https:\/\/karamellondonskincare.com\/pt-pt\/wp-json\/wp\/v2\/product"}],"about":[{"href":"https:\/\/karamellondonskincare.com\/pt-pt\/wp-json\/wp\/v2\/types\/product"}],"wp:attachment":[{"href":"https:\/\/karamellondonskincare.com\/pt-pt\/wp-json\/wp\/v2\/media?parent=1971"}],"wp:term":[{"taxonomy":"product_brand","embeddable":true,"href":"https:\/\/karamellondonskincare.com\/pt-pt\/wp-json\/wp\/v2\/product_brand?post=1971"},{"taxonomy":"product_cat","embeddable":true,"href":"https:\/\/karamellondonskincare.com\/pt-pt\/wp-json\/wp\/v2\/product_cat?post=1971"},{"taxonomy":"product_tag","embeddable":true,"href":"https:\/\/karamellondonskincare.com\/pt-pt\/wp-json\/wp\/v2\/product_tag?post=1971"}],"curies":[{"name":"wp","href":"https:\/\/api.w.org\/{rel}","templated":true}]}}