{"id":1972,"date":"2025-12-22T20:46:40","date_gmt":"2025-12-22T20:46:40","guid":{"rendered":"https:\/\/karamellondonskincare.com\/produit\/espuma-de-limpeza-sovereign-150-ml\/"},"modified":"2025-12-22T20:46:40","modified_gmt":"2025-12-22T20:46:40","slug":"espuma-de-limpeza-sovereign-150-ml","status":"publish","type":"product","link":"https:\/\/karamellondonskincare.com\/pt-pt\/produit\/espuma-de-limpeza-sovereign-150-ml\/","title":{"rendered":"Espuma de Limpeza Sovereign 150 ml"},"content":{"rendered":"<p><strong>KARAMEL LONDON SKINCARE<\/strong><br \/>COLE\u00c7\u00c3O SOVEREIGN SKIN<br \/>Espuma de Limpeza Suave<br \/>Pele Fresca &amp; Confort\u00e1vel<br \/>150 ml \/ 5.07 fl oz<br \/>Ecocert COSMOS Natural \u00b7 Vegan<\/p>\n<p>Uma espuma de limpeza leve e arejada, formulada para limpar suavemente a pele, mantendo o conforto e o equil\u00edbrio. A espuma suave remove a maquilhagem e as impurezas di\u00e1rias sem ressecar, deixando a pele fresca, calma e suavemente condicionada.<\/p>\n<p>Enriquecido com \u00e1gua de flor de rosa, extrato de camomila e extrato de cal\u00eandula para promover uma sensa\u00e7\u00e3o de pele calma e confort\u00e1vel. Adequada para uso di\u00e1rio em todos os tipos de pele.<\/p>\n<p><strong>Ideal Para:<\/strong><\/p>\n<ul>\n<li>Limpeza di\u00e1ria de manh\u00e3 e \u00e0 noite<\/li>\n<li>Pele sens\u00edvel, seca, hormonal e com melanina<\/li>\n<\/ul>\n<p><strong>Como Usar:<\/strong><br \/>Aplicar na pele h\u00famida. Massaje suavemente sobre o rosto com movimentos circulares e, em seguida, enxague abundantemente. Evite o contacto direto com os olhos.<\/p>\n","protected":false},"excerpt":{"rendered":"<p>Espuma de Limpeza Suave. Ajuda a Remover Maquilhagem &amp; Impurezas. Deixa a Pele Fresca &amp; Confort\u00e1vel. Para Todos os Tipos de Pele. 150 ml.<\/p>\n","protected":false},"featured_media":0,"template":"","meta":[],"product_brand":[],"product_cat":[250],"product_tag":[],"class_list":{"0":"post-1972","1":"product","2":"type-product","3":"status-publish","5":"product_cat-limpeza-preparacao","7":"first","8":"instock","9":"taxable","10":"shipping-taxable","11":"product-type-simple"},"_links":{"self":[{"href":"https:\/\/karamellondonskincare.com\/pt-pt\/wp-json\/wp\/v2\/product\/1972","targetHints":{"allow":["GET"]}}],"collection":[{"href":"https:\/\/karamellondonskincare.com\/pt-pt\/wp-json\/wp\/v2\/product"}],"about":[{"href":"https:\/\/karamellondonskincare.com\/pt-pt\/wp-json\/wp\/v2\/types\/product"}],"wp:attachment":[{"href":"https:\/\/karamellondonskincare.com\/pt-pt\/wp-json\/wp\/v2\/media?parent=1972"}],"wp:term":[{"taxonomy":"product_brand","embeddable":true,"href":"https:\/\/karamellondonskincare.com\/pt-pt\/wp-json\/wp\/v2\/product_brand?post=1972"},{"taxonomy":"product_cat","embeddable":true,"href":"https:\/\/karamellondonskincare.com\/pt-pt\/wp-json\/wp\/v2\/product_cat?post=1972"},{"taxonomy":"product_tag","embeddable":true,"href":"https:\/\/karamellondonskincare.com\/pt-pt\/wp-json\/wp\/v2\/product_tag?post=1972"}],"curies":[{"name":"wp","href":"https:\/\/api.w.org\/{rel}","templated":true}]}}